{"id":32876,"date":"2024-01-06T16:46:08","date_gmt":"2024-01-06T15:46:08","guid":{"rendered":"https:\/\/nandara.com\/produit\/table-de-massage-pliante-bois-amara-supreme\/"},"modified":"2024-01-06T16:46:08","modified_gmt":"2024-01-06T15:46:08","slug":"table-de-massage-pliante-bois-amara-supreme","status":"publish","type":"product","link":"https:\/\/nandara.com\/en\/product\/table-de-massage-pliante-bois-amara-supreme\/","title":{"rendered":"Table de massage pliante bois &#8211; AMARA SUPREME"},"content":{"rendered":"<h1>Table de massage pliante bois &#8211; AMARA SUPREME avec\u00a0dossier relevable<\/h1>\n<p>La <a href=\"https:\/\/nandara.com\/equipements-materiels-massage-professionnels\/tables-chaises-massage-professionnelle\/tables-massage-pliantes\/\">table de massage pliante bois<\/a> &#8211; AMARA SUPREME avec dossier relevable, fabriqu\u00e9e en bois de h\u00eatre europ\u00e9en et pesant 18,2 kg, offre une stabilit\u00e9 exceptionnelle.<\/p>\n<p>Elle peut \u00eatre utilis\u00e9e comme table fixe dans un cabinet de massage ou comme table mobile pour les professionnels travaillant \u00e0 domicile.<\/p>\n<p>Cette table a \u00e9t\u00e9 con\u00e7ue avec une attention particuli\u00e8re aux d\u00e9tails, comprenant un dossier r\u00e9glable en 11 positions, un double verrouillage des pieds pour plus de s\u00e9curit\u00e9, une charni\u00e8re de piano pleine longueur pour une r\u00e9sistance accrue, et un rev\u00eatement en polyur\u00e9thane offrant un confort au toucher peau.<\/p>\n<p><strong>Accessoires inclus :<\/strong><\/p>\n<ul>\n<li>Coussin de t\u00eati\u00e8re de luxe ultra-doux (1)<\/li>\n<li>T\u00eati\u00e8re en aluminium ajustable (1)<\/li>\n<li>Repose-bras renforc\u00e9 (1)<\/li>\n<li>Sac de transport robuste avec bandouli\u00e8re solide et poign\u00e9es (1)<\/li>\n<\/ul>\n<p><strong>Les plus :<\/strong><\/p>\n<ul>\n<li>Coins arrondis<\/li>\n<li>Cavit\u00e9 faciale avec cache amovible<\/li>\n<li>Plaque d&#8217;extr\u00e9mit\u00e9 Reiki des deux c\u00f4t\u00e9s<\/li>\n<li>Sorties pour t\u00eati\u00e8re des deux c\u00f4t\u00e9s<\/li>\n<li>Dossier r\u00e9glable \u00e0 11 positions<\/li>\n<li>Double verrouillage des pieds pour une s\u00e9curit\u00e9 accrue<\/li>\n<li>Charni\u00e8re de piano pleine longueur pour une r\u00e9sistance et une stabilit\u00e9 suppl\u00e9mentaires<\/li>\n<\/ul>\n<p><strong>Composition :<\/strong><\/p>\n<ul>\n<li>Plateau de table en bois avec joints de doigts sans espace<\/li>\n<li>Fabriqu\u00e9 avec du bois de h\u00eatre europ\u00e9en ultra-r\u00e9sistant<\/li>\n<li>Syst\u00e8me de mousse douce multicouche de 5.10 cm d&#8217;\u00e9paisseur avec rev\u00eatement en polyur\u00e9thane au confort toucher peau<\/li>\n<li>Longueur de la table : 184 cm (plateau de la table), 211 cm (avec la t\u00eati\u00e8re)<\/li>\n<\/ul>\n","protected":false},"excerpt":{"rendered":"<p class=\"font-claude-response-body break-words whitespace-normal leading-[1.7]\">Table de massage pliante bois &#8211; AMARA SUPREME avec dossier relevable, l&#8217;excellence professionnelle pour une polyvalence maximale :<\/p>\n<ul class=\"[li_&amp;]:mb-0 [li_&amp;]:mt-1.5 [li_&amp;]:gap-1.5 [&amp;:not(:last-child)_ul]:pb-1 [&amp;:not(:last-child)_ol]:pb-1 list-disc flex flex-col gap-2 pl-8 mb-3\">\n<li class=\"whitespace-normal break-words pl-2\">Structure en bois de h\u00eatre europ\u00e9en ultra-r\u00e9sistant avec charni\u00e8re piano pleine longueur<\/li>\n<li class=\"whitespace-normal break-words pl-2\">Dossier r\u00e9glable en 11 positions pour adapter votre table \u00e0 chaque technique<\/li>\n<li class=\"whitespace-normal break-words pl-2\">Matelas \u00e9pais de 5,10 cm en mousse multicouches avec rev\u00eatement polyur\u00e9thane confort toucher peau<\/li>\n<li class=\"whitespace-normal break-words pl-2\">Double verrouillage des pieds et coins arrondis pour une s\u00e9curit\u00e9 renforc\u00e9e<\/li>\n<li class=\"whitespace-normal break-words pl-2\">L\u00e9g\u00e8re (18,2 kg) et \u00e9quip\u00e9e pour usage fixe ou mobile avec sac de transport robuste<\/li>\n<\/ul>\n<p class=\"font-claude-response-body break-words whitespace-normal leading-[1.7]\">Optimisez votre pratique professionnelle avec cette table haut de gamme alliant innovation, s\u00e9curit\u00e9 et confort client exceptionnel.<\/p>\n","protected":false},"featured_media":21834,"template":"","meta":{"_acf_changed":false},"product_brand":[],"product_cat":[1468,1415],"product_tag":[],"class_list":{"0":"post-32876","1":"product","2":"type-product","3":"status-publish","4":"has-post-thumbnail","6":"product_cat-folding-wooden-massage-tables","7":"product_cat-professional-beautician-table","8":"product_shipping_class-classique-standard","10":"first","11":"instock","12":"taxable","13":"shipping-taxable","14":"purchasable","15":"product-type-variable","16":"has-default-attributes"},"acf":{"ASIN-FR":""},"_links":{"self":[{"href":"https:\/\/nandara.com\/en\/wp-json\/wp\/v2\/product\/32876","targetHints":{"allow":["GET"]}}],"collection":[{"href":"https:\/\/nandara.com\/en\/wp-json\/wp\/v2\/product"}],"about":[{"href":"https:\/\/nandara.com\/en\/wp-json\/wp\/v2\/types\/product"}],"version-history":[{"count":0,"href":"https:\/\/nandara.com\/en\/wp-json\/wp\/v2\/product\/32876\/revisions"}],"wp:featuredmedia":[{"embeddable":true,"href":"https:\/\/nandara.com\/en\/wp-json\/wp\/v2\/media\/21834"}],"wp:attachment":[{"href":"https:\/\/nandara.com\/en\/wp-json\/wp\/v2\/media?parent=32876"}],"wp:term":[{"taxonomy":"product_brand","embeddable":true,"href":"https:\/\/nandara.com\/en\/wp-json\/wp\/v2\/product_brand?post=32876"},{"taxonomy":"product_cat","embeddable":true,"href":"https:\/\/nandara.com\/en\/wp-json\/wp\/v2\/product_cat?post=32876"},{"taxonomy":"product_tag","embeddable":true,"href":"https:\/\/nandara.com\/en\/wp-json\/wp\/v2\/product_tag?post=32876"}],"curies":[{"name":"wp","href":"https:\/\/api.w.org\/{rel}","templated":true}]}}